{"id":2286,"date":"2020-10-18T11:57:59","date_gmt":"2020-10-18T11:57:59","guid":{"rendered":"http:\/\/spvgg-reuth.de\/?page_id=2286"},"modified":"2026-01-23T16:53:20","modified_gmt":"2026-01-23T16:53:20","slug":"dart","status":"publish","type":"page","link":"https:\/\/spvgg-reuth.de\/?page_id=2286","title":{"rendered":"Dart"},"content":{"rendered":"<div data-colibri-id=\"2286-c1\" class=\"style-1257 style-local-2286-c1 position-relative\">\n  <!---->\n  <div data-colibri-component=\"section\" data-colibri-id=\"2286-c2\" id=\"about\" class=\"h-section h-section-global-spacing d-flex align-items-lg-center align-items-md-center align-items-center style-1286 style-local-2286-c2 position-relative\">\n    <!---->\n    <!---->\n    <div class=\"h-section-grid-container h-section-boxed-container\">\n      <!---->\n      <div data-colibri-id=\"2286-c3\" class=\"h-row-container gutters-row-lg-2 gutters-row-md-2 gutters-row-2 gutters-row-v-lg-2 gutters-row-v-md-2 gutters-row-v-2 style-1287 style-local-2286-c3 position-relative\">\n        <!---->\n        <div class=\"h-row justify-content-lg-center justify-content-md-center justify-content-center align-items-lg-stretch align-items-md-stretch align-items-stretch gutters-col-lg-2 gutters-col-md-2 gutters-col-2 gutters-col-v-lg-2 gutters-col-v-md-2 gutters-col-v-2\">\n          <!---->\n          <div class=\"h-column h-column-container d-flex h-col-lg-auto h-col-md-auto h-col-auto style-1288-outer style-local-2286-c4-outer\">\n            <div data-colibri-id=\"2286-c4\" class=\"d-flex h-flex-basis h-column__inner h-px-lg-2 h-px-md-2 h-px-2 v-inner-lg-2 v-inner-md-2 v-inner-2 style-1288 style-local-2286-c4 position-relative\">\n              <!---->\n              <!---->\n              <div class=\"w-100 h-y-container h-column__content h-column__v-align flex-basis-100 align-self-lg-center align-self-md-center align-self-center\">\n                <!---->\n                <div data-colibri-id=\"2286-c5\" class=\"h-global-transition-all h-heading style-1289 style-local-2286-c5 position-relative h-element\">\n                  <!---->\n                  <div class=\"h-heading__outer style-1289 style-local-2286-c5\">\n                    <!---->\n                    <!---->\n                    <h2 class=\"\">Darts-Abteilung Reuth<\/h2>\n                  <\/div>\n                <\/div>\n                <div data-colibri-id=\"2286-c6\" class=\"h-lead h-text h-text-component style-1290 style-local-2286-c6 position-relative h-element\">\n                  <!---->\n                  <!---->\n                  <div class=\"\">\n                    <p>Neu im Sportheim der SpVgg Reuth!\n                      <br>\n                    <\/p>\n                  <\/div>\n                <\/div>\n                <div data-colibri-id=\"2286-c7\" class=\"h-text h-text-component style-1291 style-local-2286-c7 position-relative h-element\">\n                  <!---->\n                  <!---->\n                  <div class=\"\">\n                    <p><span style=\"font-weight: 700;\">Steeldarts bei der Sp.Vgg. Reuth<\/span><\/p>\n                    <p>Im November 2025 wurde die Abteilung Steeldarts der Sp.Vgg. Reuth neu gegr\u00fcndet. Ziel ist es, das Breitensportangebot der Sp.Vgg. Reuth weiter auszubauen, der Trendsportart Darts in Reuth ein Zuhause zu bieten und das Vereinsleben\n                      auch in den kalten Monaten aufrechtzuerhalten.\n                      <br>Mittelfristig streben wir auch offiziellen Ligaspielbetrieb an.<\/p>\n                    <p><span style=\"font-weight: 700;\">Darts-Raum im Sportheim<\/span><\/p>\n                    <p>Durch den Umbau des Trainingsraumes im Sportheim wurden beste Bedingungen f\u00fcr den Dartsport in Reuth geschaffen. Eine angenehme und moderne Atmosph\u00e4re bietet optimale Voraussetzungen und Trainingsm\u00f6glichkeiten f\u00fcr alle Darts-Liebhaber.<\/p>\n                    <p><span style=\"font-weight: 700;\">Training und Vereinsleben<\/span><\/p>\n                    <p>Trainingseinheiten finden in den Herbst- und Wintermonaten regelm\u00e4\u00dfig statt:<\/p>\n                    <p>&nbsp;&nbsp;&nbsp;&nbsp;-Mittwoch und Freitag ab 18:00 Uhr<\/p>\n                    <p>Zus\u00e4tzlich veranstalten wir regelm\u00e4\u00dfig gesellige, vereinsinterne Turniere, um wettbewerbsorientiert Spielpraxis zu sammeln und uns auf den k\u00fcnftigen Ligabetrieb vorzubereiten. Gemeinschaft, Spa\u00df und Geselligkeit kommen hierbei auch\n                      nicht zu kurz.<\/p>\n                    <p><span style=\"font-weight: 700;\">F\u00fcr wen ist Darts bei der Sp.Vgg. Reuth?<\/span><\/p>\n                    <p>Wir hei\u00dfen Dartsbegeisterte aller Geschlechter und Altersgruppen herzlich willkommen \u2013 ganz egal, ob Du erst anf\u00e4ngst oder bereits Erfahrung mitbringst.<\/p>\n                    <p><span style=\"font-weight: 700;\">Wir haben Dein Interesse geweckt?<\/span><\/p>\n                    <p>Schau gern bei unserem Training vorbei! Wirf ein paar Pfeile mit uns, lern uns kennen und werde Teil unserer Reuther Darts-Community<\/p>\n                    <p>Ansprechpartner und Kontakt<\/p>\n                    <p>Abteilungsleitung: Jannik Hackenberg (0176\/38329326 \/ jannik.hackenberg@gmx.de)<\/p>\n                  <\/div>\n                <\/div>\n                <div data-colibri-id=\"2286-c8\" class=\"h-x-container style-1292 style-local-2286-c8 position-relative h-element\">\n                  <!---->\n                  <div class=\"h-x-container-inner style-dynamic-2286-c8-group style-1292-spacing style-local-2286-c8-spacing\"><span class=\"h-button__outer style-1293-outer style-local-2286-c9-outer d-inline-flex h-element\"><a h-use-smooth-scroll=\"true\" href=\"mailto:jannik.hackenberg@gmx.de\"  data-colibri-id=\"2286-c9\" class=\"d-flex w-100 align-items-center h-button justify-content-lg-center justify-content-md-center justify-content-center style-1293 style-local-2286-c9 position-relative\"><!----><!----> <span>E-Mail<\/span><\/a>\n                    <\/span>\n                  <\/div>\n                <\/div>\n              <\/div>\n            <\/div>\n          <\/div>\n          <div class=\"h-column h-column-container d-flex h-col-lg-auto h-col-md-auto h-col-auto style-1294-outer style-local-2286-c10-outer\">\n            <div data-colibri-id=\"2286-c10\" class=\"d-flex h-flex-basis h-column__inner h-px-lg-2 h-px-md-2 h-px-2 v-inner-lg-2 v-inner-md-2 v-inner-2 style-1294 style-local-2286-c10 position-relative\">\n              <!---->\n              <!---->\n              <div class=\"w-100 h-y-container h-column__content h-column__v-align flex-basis-100 align-self-lg-center align-self-md-center align-self-center\">\n                <!---->\n                <div data-colibri-id=\"2286-c11\" class=\"h-multiple-image style-1295 style-local-2286-c11 position-relative h-element\">\n                  <!---->\n                  <div class=\"position-relative\">\n                    <div class=\"h-multiple-image-inside-container\">\n                      <div class=\"ratio-inner\">\n                        <div data-colibri-id=\"2286-c12\" class=\"d-block style-1553 style-local-2286-c12 position-relative h-element\">\n                          <!---->\n                          <div class=\"h-image__frame-container-outer\">\n                            <div class=\"h-image__frame-container\">\n                              <!---->\n                              <!---->\n                              <img loading=\"lazy\" decoding=\"async\" width=\"1200\" height=\"1600\" src=\"https:\/\/spvgg-reuth.de\/wp-content\/uploads\/2026\/01\/WhatsApp-Image-2026-01-23-at-17.20.34-2.jpeg\" class=\"style-1295-images style-local-2286-c11-images wp-image-7967 style-1553-image style-local-2286-c12-image\" alt=\"\" srcset=\"https:\/\/spvgg-reuth.de\/wp-content\/uploads\/2026\/01\/WhatsApp-Image-2026-01-23-at-17.20.34-2.jpeg 1200w, https:\/\/spvgg-reuth.de\/wp-content\/uploads\/2026\/01\/WhatsApp-Image-2026-01-23-at-17.20.34-2-225x300.jpeg 225w, https:\/\/spvgg-reuth.de\/wp-content\/uploads\/2026\/01\/WhatsApp-Image-2026-01-23-at-17.20.34-2-768x1024.jpeg 768w, https:\/\/spvgg-reuth.de\/wp-content\/uploads\/2026\/01\/WhatsApp-Image-2026-01-23-at-17.20.34-2-1152x1536.jpeg 1152w, https:\/\/spvgg-reuth.de\/wp-content\/uploads\/2026\/01\/WhatsApp-Image-2026-01-23-at-17.20.34-2-600x800.jpeg 600w\" sizes=\"auto, (max-width: 1200px) 100vw, 1200px\" \/>\n                              <div class=\"h-image__frame h-hide-lg h-hide-md h-hide-sm style-1553-frameImage style-local-2286-c12-frameImage\"><\/div>\n                            <\/div>\n                          <\/div>\n                        <\/div>\n                        <div data-colibri-id=\"2286-c13\" class=\"d-block style-1554 style-local-2286-c13 position-relative h-element\">\n                          <!---->\n                          <div class=\"h-image__frame-container-outer\">\n                            <div class=\"h-image__frame-container\">\n                              <!---->\n                              <!---->\n                              <img loading=\"lazy\" decoding=\"async\" width=\"1529\" height=\"1434\" src=\"https:\/\/spvgg-reuth.de\/wp-content\/uploads\/2026\/01\/cropped-WhatsApp-Image-2026-01-23-at-17.20.34.jpeg\" class=\"style-1295-images style-local-2286-c11-images wp-image-7970 style-1554-image style-local-2286-c13-image\" alt=\"\" srcset=\"https:\/\/spvgg-reuth.de\/wp-content\/uploads\/2026\/01\/cropped-WhatsApp-Image-2026-01-23-at-17.20.34.jpeg 1529w, https:\/\/spvgg-reuth.de\/wp-content\/uploads\/2026\/01\/cropped-WhatsApp-Image-2026-01-23-at-17.20.34-300x281.jpeg 300w, https:\/\/spvgg-reuth.de\/wp-content\/uploads\/2026\/01\/cropped-WhatsApp-Image-2026-01-23-at-17.20.34-1024x960.jpeg 1024w, https:\/\/spvgg-reuth.de\/wp-content\/uploads\/2026\/01\/cropped-WhatsApp-Image-2026-01-23-at-17.20.34-768x720.jpeg 768w, https:\/\/spvgg-reuth.de\/wp-content\/uploads\/2026\/01\/cropped-WhatsApp-Image-2026-01-23-at-17.20.34-600x563.jpeg 600w\" sizes=\"auto, (max-width: 1529px) 100vw, 1529px\" \/>\n                              <div class=\"h-image__frame h-hide-lg h-hide-md h-hide-sm style-1554-frameImage style-local-2286-c13-frameImage\"><\/div>\n                            <\/div>\n                          <\/div>\n                        <\/div>\n                        <div data-colibri-id=\"2286-c14\" class=\"d-block style-1555 style-local-2286-c14 position-relative h-element\">\n                          <!---->\n                          <div class=\"h-image__frame-container-outer\">\n                            <div class=\"h-image__frame-container\">\n                              <!---->\n                              <!---->\n                              <img loading=\"lazy\" decoding=\"async\" width=\"1534\" height=\"1520\" src=\"https:\/\/spvgg-reuth.de\/wp-content\/uploads\/2026\/01\/cropped-WhatsApp-Image-2026-01-23-at-17.20.34-3.jpeg\" class=\"style-1295-images style-local-2286-c11-images wp-image-7971 style-1555-image style-local-2286-c14-image\" alt=\"\" srcset=\"https:\/\/spvgg-reuth.de\/wp-content\/uploads\/2026\/01\/cropped-WhatsApp-Image-2026-01-23-at-17.20.34-3.jpeg 1534w, https:\/\/spvgg-reuth.de\/wp-content\/uploads\/2026\/01\/cropped-WhatsApp-Image-2026-01-23-at-17.20.34-3-300x297.jpeg 300w, https:\/\/spvgg-reuth.de\/wp-content\/uploads\/2026\/01\/cropped-WhatsApp-Image-2026-01-23-at-17.20.34-3-1024x1015.jpeg 1024w, https:\/\/spvgg-reuth.de\/wp-content\/uploads\/2026\/01\/cropped-WhatsApp-Image-2026-01-23-at-17.20.34-3-150x150.jpeg 150w, https:\/\/spvgg-reuth.de\/wp-content\/uploads\/2026\/01\/cropped-WhatsApp-Image-2026-01-23-at-17.20.34-3-768x761.jpeg 768w, https:\/\/spvgg-reuth.de\/wp-content\/uploads\/2026\/01\/cropped-WhatsApp-Image-2026-01-23-at-17.20.34-3-600x595.jpeg 600w, https:\/\/spvgg-reuth.de\/wp-content\/uploads\/2026\/01\/cropped-WhatsApp-Image-2026-01-23-at-17.20.34-3-100x100.jpeg 100w\" sizes=\"auto, (max-width: 1534px) 100vw, 1534px\" \/>\n                              <div class=\"h-image__frame h-hide-lg h-hide-md h-hide-sm style-1555-frameImage style-local-2286-c14-frameImage\"><\/div>\n                            <\/div>\n                          <\/div>\n                        <\/div>\n                        <div data-colibri-id=\"2286-c15\" class=\"d-block style-1556 style-local-2286-c15 position-relative h-element\">\n                          <!---->\n                          <div class=\"h-image__frame-container-outer\">\n                            <div class=\"h-image__frame-container\">\n                              <!---->\n                              <!---->\n                              <img loading=\"lazy\" decoding=\"async\" width=\"1199\" height=\"1147\" src=\"https:\/\/spvgg-reuth.de\/wp-content\/uploads\/2026\/01\/cropped-WhatsApp-Image-2026-01-23-at-17.26.10.jpeg\" class=\"style-1295-images style-local-2286-c11-images wp-image-7973 style-1556-image style-local-2286-c15-image\" alt=\"\" srcset=\"https:\/\/spvgg-reuth.de\/wp-content\/uploads\/2026\/01\/cropped-WhatsApp-Image-2026-01-23-at-17.26.10.jpeg 1199w, https:\/\/spvgg-reuth.de\/wp-content\/uploads\/2026\/01\/cropped-WhatsApp-Image-2026-01-23-at-17.26.10-300x287.jpeg 300w, https:\/\/spvgg-reuth.de\/wp-content\/uploads\/2026\/01\/cropped-WhatsApp-Image-2026-01-23-at-17.26.10-1024x980.jpeg 1024w, https:\/\/spvgg-reuth.de\/wp-content\/uploads\/2026\/01\/cropped-WhatsApp-Image-2026-01-23-at-17.26.10-768x735.jpeg 768w, https:\/\/spvgg-reuth.de\/wp-content\/uploads\/2026\/01\/cropped-WhatsApp-Image-2026-01-23-at-17.26.10-600x574.jpeg 600w\" sizes=\"auto, (max-width: 1199px) 100vw, 1199px\" \/>\n                              <div class=\"h-image__frame h-hide-lg h-hide-md h-hide-sm style-1556-frameImage style-local-2286-c15-frameImage\"><\/div>\n                            <\/div>\n                          <\/div>\n                        <\/div>\n                        <div data-colibri-id=\"2286-c16\" class=\"d-block style-1557 style-local-2286-c16 position-relative h-element\">\n                          <!---->\n                          <div class=\"h-image__frame-container-outer\">\n                            <div class=\"h-image__frame-container\">\n                              <!---->\n                              <!---->\n                              <img loading=\"lazy\" decoding=\"async\" width=\"1451\" height=\"1200\" src=\"https:\/\/spvgg-reuth.de\/wp-content\/uploads\/2026\/01\/cropped-WhatsApp-Image-2026-01-23-at-17.32.37.jpeg\" class=\"style-1295-images style-local-2286-c11-images wp-image-7975 style-1557-image style-local-2286-c16-image\" alt=\"\" srcset=\"https:\/\/spvgg-reuth.de\/wp-content\/uploads\/2026\/01\/cropped-WhatsApp-Image-2026-01-23-at-17.32.37.jpeg 1451w, https:\/\/spvgg-reuth.de\/wp-content\/uploads\/2026\/01\/cropped-WhatsApp-Image-2026-01-23-at-17.32.37-300x248.jpeg 300w, https:\/\/spvgg-reuth.de\/wp-content\/uploads\/2026\/01\/cropped-WhatsApp-Image-2026-01-23-at-17.32.37-1024x847.jpeg 1024w, https:\/\/spvgg-reuth.de\/wp-content\/uploads\/2026\/01\/cropped-WhatsApp-Image-2026-01-23-at-17.32.37-768x635.jpeg 768w, https:\/\/spvgg-reuth.de\/wp-content\/uploads\/2026\/01\/cropped-WhatsApp-Image-2026-01-23-at-17.32.37-600x496.jpeg 600w\" sizes=\"auto, (max-width: 1451px) 100vw, 1451px\" \/>\n                              <div class=\"h-image__frame h-hide-lg h-hide-md h-hide-sm style-1557-frameImage style-local-2286-c16-frameImage\"><\/div>\n                            <\/div>\n                          <\/div>\n                        <\/div>\n                        <div data-colibri-id=\"2286-c17\" class=\"d-block style-1558 style-local-2286-c17 position-relative h-element\">\n                          <!---->\n                          <div class=\"h-image__frame-container-outer\">\n                            <div class=\"h-image__frame-container\">\n                              <!---->\n                              <!---->\n                              <img loading=\"lazy\" decoding=\"async\" width=\"1594\" height=\"1200\" src=\"https:\/\/spvgg-reuth.de\/wp-content\/uploads\/2026\/01\/cropped-WhatsApp-Image-2026-01-23-at-17.20.34-1-1.jpeg\" class=\"style-1295-images style-local-2286-c11-images wp-image-7977 style-1558-image style-local-2286-c17-image\" alt=\"\" srcset=\"https:\/\/spvgg-reuth.de\/wp-content\/uploads\/2026\/01\/cropped-WhatsApp-Image-2026-01-23-at-17.20.34-1-1.jpeg 1594w, https:\/\/spvgg-reuth.de\/wp-content\/uploads\/2026\/01\/cropped-WhatsApp-Image-2026-01-23-at-17.20.34-1-1-300x226.jpeg 300w, https:\/\/spvgg-reuth.de\/wp-content\/uploads\/2026\/01\/cropped-WhatsApp-Image-2026-01-23-at-17.20.34-1-1-1024x771.jpeg 1024w, https:\/\/spvgg-reuth.de\/wp-content\/uploads\/2026\/01\/cropped-WhatsApp-Image-2026-01-23-at-17.20.34-1-1-768x578.jpeg 768w, https:\/\/spvgg-reuth.de\/wp-content\/uploads\/2026\/01\/cropped-WhatsApp-Image-2026-01-23-at-17.20.34-1-1-1536x1156.jpeg 1536w, https:\/\/spvgg-reuth.de\/wp-content\/uploads\/2026\/01\/cropped-WhatsApp-Image-2026-01-23-at-17.20.34-1-1-600x452.jpeg 600w\" sizes=\"auto, (max-width: 1594px) 100vw, 1594px\" \/>\n                              <div class=\"h-image__frame h-hide-lg h-hide-md h-hide-sm style-1558-frameImage style-local-2286-c17-frameImage\"><\/div>\n                            <\/div>\n                          <\/div>\n                        <\/div>\n                      <\/div>\n                    <\/div>\n                  <\/div>\n                <\/div>\n              <\/div>\n            <\/div>\n          <\/div>\n        <\/div>\n      <\/div>\n    <\/div>\n  <\/div>\n  <div data-colibri-component=\"section\" data-colibri-id=\"2286-c18\" id=\"custom\" class=\"h-section h-section-global-spacing d-flex align-items-lg-center align-items-md-center align-items-center style-1300 style-local-2286-c18 position-relative\">\n    <!---->\n    <!---->\n    <div class=\"h-section-grid-container h-section-boxed-container\">\n      <!---->\n      <div data-colibri-id=\"2286-c19\" class=\"h-row-container gutters-row-lg-2 gutters-row-md-2 gutters-row-0 gutters-row-v-lg-2 gutters-row-v-md-2 gutters-row-v-2 style-1301 style-local-2286-c19 position-relative\">\n        <!---->\n        <div class=\"h-row justify-content-lg-center justify-content-md-center justify-content-center align-items-lg-stretch align-items-md-stretch align-items-stretch gutters-col-lg-2 gutters-col-md-2 gutters-col-0 gutters-col-v-lg-2 gutters-col-v-md-2 gutters-col-v-2\">\n          <!---->\n          <div class=\"h-column h-column-container d-flex h-col-lg-auto h-col-md-auto h-col-auto style-1302-outer style-local-2286-c20-outer\">\n            <div data-colibri-id=\"2286-c20\" class=\"d-flex h-flex-basis h-column__inner h-ui-empty-state-container h-px-lg-2 h-px-md-2 h-px-2 v-inner-lg-2 v-inner-md-2 v-inner-2 style-1302 style-local-2286-c20 position-relative\">\n              <!---->\n              <!---->\n              <div class=\"w-100 h-y-container h-column__content h-column__v-align flex-basis-100\">\n                <!---->\n              <\/div>\n            <\/div>\n          <\/div>\n        <\/div>\n      <\/div>\n    <\/div>\n  <\/div>\n<\/div>","protected":false},"excerpt":{"rendered":"<p>Darts-Abteilung Reuth Neu im Sportheim der SpVgg Reuth! Steeldarts bei der Sp.Vgg. Reuth Im November 2025 wurde die Abteilung Steeldarts der Sp.Vgg. Reuth neu gegr\u00fcndet. Ziel ist es, das Breitensportangebot [&hellip;]<\/p>\n","protected":false},"author":1,"featured_media":0,"parent":0,"menu_order":0,"comment_status":"closed","ping_status":"closed","template":"page-templates\/full-width-page.php","meta":{"_monsterinsights_skip_tracking":false,"_monsterinsights_sitenote_active":false,"_monsterinsights_sitenote_note":"","_monsterinsights_sitenote_category":0,"footnotes":""},"class_list":["post-2286","page","type-page","status-publish","hentry"],"aioseo_notices":[],"_links":{"self":[{"href":"https:\/\/spvgg-reuth.de\/index.php?rest_route=\/wp\/v2\/pages\/2286","targetHints":{"allow":["GET"]}}],"collection":[{"href":"https:\/\/spvgg-reuth.de\/index.php?rest_route=\/wp\/v2\/pages"}],"about":[{"href":"https:\/\/spvgg-reuth.de\/index.php?rest_route=\/wp\/v2\/types\/page"}],"author":[{"embeddable":true,"href":"https:\/\/spvgg-reuth.de\/index.php?rest_route=\/wp\/v2\/users\/1"}],"replies":[{"embeddable":true,"href":"https:\/\/spvgg-reuth.de\/index.php?rest_route=%2Fwp%2Fv2%2Fcomments&post=2286"}],"version-history":[{"count":18,"href":"https:\/\/spvgg-reuth.de\/index.php?rest_route=\/wp\/v2\/pages\/2286\/revisions"}],"predecessor-version":[{"id":8002,"href":"https:\/\/spvgg-reuth.de\/index.php?rest_route=\/wp\/v2\/pages\/2286\/revisions\/8002"}],"wp:attachment":[{"href":"https:\/\/spvgg-reuth.de\/index.php?rest_route=%2Fwp%2Fv2%2Fmedia&parent=2286"}],"curies":[{"name":"wp","href":"https:\/\/api.w.org\/{rel}","templated":true}]}}