{"id":93,"date":"2020-04-13T05:27:17","date_gmt":"2020-04-13T05:27:17","guid":{"rendered":"http:\/\/test2.spvgg-reuth.de\/?page_id=93"},"modified":"2024-04-09T13:26:52","modified_gmt":"2024-04-09T13:26:52","slug":"impressum","status":"publish","type":"page","link":"https:\/\/spvgg-reuth.de\/?page_id=93","title":{"rendered":"Impressum"},"content":{"rendered":"<div data-colibri-id=\"93-c1\" class=\"style-319 style-local-93-c1 position-relative\">\n  <!---->\n  <div data-colibri-component=\"section\" data-colibri-id=\"93-c2\" id=\"custom\" class=\"h-section h-section-global-spacing d-flex align-items-lg-center align-items-md-center align-items-center style-320 style-local-93-c2 position-relative\">\n    <!---->\n    <!---->\n    <div class=\"h-section-grid-container h-section-boxed-container\">\n      <!---->\n      <div data-colibri-id=\"93-c3\" class=\"h-row-container gutters-row-lg-2 gutters-row-md-2 gutters-row-0 gutters-row-v-lg-2 gutters-row-v-md-2 gutters-row-v-2 style-324 style-local-93-c3 position-relative\">\n        <!---->\n        <div class=\"h-row justify-content-lg-center justify-content-md-center justify-content-center align-items-lg-stretch align-items-md-stretch align-items-stretch gutters-col-lg-2 gutters-col-md-2 gutters-col-0 gutters-col-v-lg-2 gutters-col-v-md-2 gutters-col-v-2\">\n          <!---->\n          <div class=\"h-column h-column-container d-flex h-col-lg-auto h-col-md-auto h-col-auto style-325-outer style-local-93-c4-outer\">\n            <div data-colibri-id=\"93-c4\" class=\"d-flex h-flex-basis h-column__inner h-px-lg-2 h-px-md-2 h-px-2 v-inner-lg-2 v-inner-md-2 v-inner-2 style-325 style-local-93-c4 position-relative\">\n              <!---->\n              <!---->\n              <div class=\"w-100 h-y-container h-column__content h-column__v-align flex-basis-100 align-self-lg-start align-self-md-start align-self-start\">\n                <!---->\n                <div data-colibri-id=\"93-c5\" class=\"h-text h-text-component style-326 style-local-93-c5 position-relative h-element\">\n                  <!---->\n                  <!---->\n                  <div class=\"\">\n                    <p>Impressum<\/p>\n                    <p><span style=\"color: rgb(70, 112, 127); font-family: Open Sans; font-size: 16px; font-weight: 400;\"> <\/span><\/p>\n                    <p>Sp.Vgg. Reuth e.V.<\/p>\n                    <p><span style=\"color: rgb(70, 112, 127); font-family: Open Sans; font-size: 16px; font-weight: 400;\"> <\/span><\/p>\n                    <p>Am Sportplatz 1<\/p>\n                    <p><span style=\"color: rgb(70, 112, 127); font-family: Open Sans; font-size: 16px; font-weight: 400;\"> <\/span><\/p>\n                    <p>Gemeinschaftlich vertretungsberechtigter Vorstand der SpVgg Reuth e.V.:<\/p>\n                    <p><span style=\"color: rgb(70, 112, 127); font-family: Open Sans; font-size: 16px; font-weight: 400;\"> <\/span><\/p>\n                    <p>91301 Forchheim<\/p>\n                    <p><span style=\"color: rgb(70, 112, 127); font-family: Open Sans; font-size: 16px; font-weight: 400;\"> <\/span><\/p>\n                    <p>Endres Veronika\n                      <br>\n                    <\/p>\n                    <p><span style=\"color: rgb(70, 112, 127); font-family: Open Sans; font-size: 16px; font-weight: 400;\"> <\/span><\/p>\n                    <p>Felbinger Manuel\n                      <br>\n                    <\/p>\n                    <p><span style=\"color: rgb(70, 112, 127); font-family: Open Sans; font-size: 16px; font-weight: 400;\"> <\/span><\/p>\n                    <p>Zirnsack Jan\n                      <br>\n                    <\/p>\n                    <p><span style=\"color: rgb(70, 112, 127); font-family: Open Sans; font-size: 16px; font-weight: 400;\"> <\/span><\/p>\n                    <p>Leikam Michael\n                      <br>\n                    <\/p>\n                    <p><span style=\"color: rgb(70, 112, 127); font-family: Open Sans; font-size: 16px; font-weight: 400;\"> <\/span><\/p>\n                    <p>(Anschrift wie oben)<\/p>\n                    <p><span style=\"color: rgb(70, 112, 127); font-family: Open Sans; font-size: 16px; font-weight: 400;\"> <\/span><\/p>\n                    <p>Registereintrag:<\/p>\n                    <p><span style=\"color: rgb(70, 112, 127); font-family: Open Sans; font-size: 16px; font-weight: 400;\"> <\/span><\/p>\n                    <p>Eingetragen im Vereinsregister.<\/p>\n                    <p><span style=\"color: rgb(70, 112, 127); font-family: Open Sans; font-size: 16px; font-weight: 400;\"> <\/span><\/p>\n                    <p>Registergericht: Amtsgericht Bamberg<\/p>\n                    <p><span style=\"color: rgb(70, 112, 127); font-family: Open Sans; font-size: 16px; font-weight: 400;\"> <\/span><\/p>\n                    <p>Registernummer: VR 10041<\/p>\n                    <p><span style=\"color: rgb(70, 112, 127); font-family: Open Sans; font-size: 16px; font-weight: 400;\"> <\/span><\/p>\n                    <p>V.i.S.d. \u00a7 55 Abs. 2 RStV:<\/p>\n                    <p><span style=\"color: rgb(70, 112, 127); font-family: Open Sans; font-size: 16px; font-weight: 400;\"> <\/span><\/p>\n                    <p>Endres Veronika<\/p>\n                    <p><span style=\"color: rgb(70, 112, 127); font-family: Open Sans; font-size: 16px; font-weight: 400;\"> <\/span><\/p>\n                    <p>Ehrenb\u00fcrgstr.6a<\/p>\n                    <p><span style=\"color: rgb(70, 112, 127); font-family: Open Sans; font-size: 16px; font-weight: 400;\"> <\/span><\/p>\n                    <p>91301 Forchheim<\/p>\n                    <p><span style=\"color: rgb(70, 112, 127); font-family: Open Sans; font-size: 16px; font-weight: 400;\"> <\/span><\/p>\n                    <p><span style=\"color: rgb(70, 112, 127); font-family: Open Sans; font-size: 16px; font-weight: 400;\"> <\/span><\/p>\n                    <p>Webmaster:<\/p>\n                    <p><span style=\"color: rgb(70, 112, 127); font-family: Open Sans; font-size: 16px; font-weight: 400;\"> <\/span><\/p>\n                    <p>Endres Veronika<\/p>\n                    <p><span style=\"color: rgb(70, 112, 127); font-family: Open Sans; font-size: 16px; font-weight: 400;\"> <\/span><\/p>\n                    <p>Ehrenb\u00fcrgstr.6a<\/p>\n                    <p><span style=\"color: rgb(70, 112, 127); font-family: Open Sans; font-size: 16px; font-weight: 400;\"> <\/span><\/p>\n                    <p>91301 Forchheim<\/p>\n                    <p><span style=\"color: rgb(70, 112, 127); font-family: Open Sans; font-size: 16px; font-weight: 400;\"> <\/span><\/p>\n                    <p>Disclaimer \u2013 rechtliche Hinweise<\/p>\n                    <p><span style=\"color: rgb(70, 112, 127); font-family: Open Sans; font-size: 16px; font-weight: 400;\"> <\/span><\/p>\n                    <p>\u00a7 1 Warnhinweis zu Inhalten<\/p>\n                    <p><span style=\"color: rgb(70, 112, 127); font-family: Open Sans; font-size: 16px; font-weight: 400;\"> <\/span><\/p>\n                    <p>Die kostenlosen und frei zug\u00e4nglichen Inhalte dieser Webseite wurden mit gr\u00f6\u00dftm\u00f6glicher Sorgfalt erstellt. Der Anbieter dieser Webseite \u00fcbernimmt jedoch keine Gew\u00e4hr f\u00fcr die Richtigkeit und Aktualit\u00e4t der bereitgestellten kostenlosen\n                      und frei zug\u00e4nglichen journalistischen Ratgeber und Nachrichten. Namentlich gekennzeichnete Beitr\u00e4ge geben die Meinung des jeweiligen Autors und nicht immer die Meinung des Anbieters wieder. Allein durch den Aufruf der kostenlosen\n                      und frei zug\u00e4nglichen Inhalte kommt keinerlei Vertragsverh\u00e4ltnis zwischen dem Nutzer und dem Anbieter zustande, insoweit fehlt es am Rechtsbindungswillen des Anbieters.<\/p>\n                    <p><span style=\"color: rgb(70, 112, 127); font-family: Open Sans; font-size: 16px; font-weight: 400;\"> <\/span><\/p>\n                    <p>\u00a7 2 Externe Links<\/p>\n                    <p><span style=\"color: rgb(70, 112, 127); font-family: Open Sans; font-size: 16px; font-weight: 400;\"> <\/span><\/p>\n                    <p>Diese Website enth\u00e4lt Verkn\u00fcpfungen zu Websites Dritter (\u201eexterne Links\u201c). Diese Websites unterliegen der Haftung der jeweiligen Betreiber. Der Anbieter hat bei der erstmaligen Verkn\u00fcpfung der externen Links die fremden Inhalte daraufhin\n                      \u00fcberpr\u00fcft, ob etwaige Rechtsverst\u00f6\u00dfe bestehen. Zu dem Zeitpunkt waren keine Rechtsverst\u00f6\u00dfe ersichtlich. Der Anbieter hat keinerlei Einfluss auf die aktuelle und zuk\u00fcnftige Gestaltung und auf die Inhalte der verkn\u00fcpften Seiten. Das\n                      Setzen von externen Links bedeutet nicht, dass sich der Anbieter die hinter dem Verweis oder Link liegenden Inhalte zu Eigen macht. Eine st\u00e4ndige Kontrolle der externen Links ist f\u00fcr den Anbieter ohne konkrete Hinweise auf Rechtsverst\u00f6\u00dfe\n                      nicht zumutbar. Bei Kenntnis von Rechtsverst\u00f6\u00dfen werden jedoch derartige externe Links unverz\u00fcglich gel\u00f6scht.<\/p>\n                    <p><span style=\"color: rgb(70, 112, 127); font-family: Open Sans; font-size: 16px; font-weight: 400;\"> <\/span><\/p>\n                    <p>\u00a7 3 Urheber- und Leistungsschutzrechte<\/p>\n                    <p><span style=\"color: rgb(70, 112, 127); font-family: Open Sans; font-size: 16px; font-weight: 400;\"> <\/span><\/p>\n                    <p>Die auf dieser Website ver\u00f6ffentlichten Inhalte unterliegen dem deutschen Urheber- und Leistungsschutzrecht. Jede vom deutschen Urheber- und Leistungsschutzrecht nicht zugelassene Verwertung bedarf der vorherigen schriftlichen Zustimmung\n                      des Anbieters oder jeweiligen Rechteinhabers. Dies gilt insbesondere f\u00fcr Vervielf\u00e4ltigung, Bearbeitung, \u00dcbersetzung, Einspeicherung, Verarbeitung bzw. Wiedergabe von Inhalten in Datenbanken oder anderen elektronischen Medien und\n                      Systemen. Inhalte und Rechte Dritter sind dabei als solche gekennzeichnet. Die unerlaubte Vervielf\u00e4ltigung oder Weitergabe einzelner Inhalte oder kompletter Seiten ist nicht gestattet und strafbar. Lediglich die Herstellung von Kopien\n                      und Downloads f\u00fcr den pers\u00f6nlichen, privaten und nicht kommerziellen Gebrauch ist erlaubt.<\/p>\n                    <p><span style=\"color: rgb(70, 112, 127); font-family: Open Sans; font-size: 16px; font-weight: 400;\"> <\/span><\/p>\n                    <p>Die Darstellung dieser Website in fremden Frames ist ausnahmslos ausgeschlossen.<\/p>\n                    <p><span style=\"color: rgb(70, 112, 127); font-family: Open Sans; font-size: 16px; font-weight: 400;\"> <\/span><\/p>\n                    <p>\u00a7 4 Besondere Nutzungsbedingungen<\/p>\n                    <p><span style=\"color: rgb(70, 112, 127); font-family: Open Sans; font-size: 16px; font-weight: 400;\"> <\/span><\/p>\n                    <p>Soweit besondere Bedingungen f\u00fcr einzelne Nutzungen dieser Website von den vorgenannten Paragraphen abweichen, wird an entsprechender Stelle ausdr\u00fccklich darauf hingewiesen. In diesem Falle gelten im jeweiligen Einzelfall die besonderen\n                      Nutzungsbedingungen. (Quelle: Experten-Branchenbuch.de)<\/p>\n                    <p>\n                      <br>\n                    <\/p>\n                  <\/div>\n                <\/div>\n              <\/div>\n            <\/div>\n          <\/div>\n        <\/div>\n      <\/div>\n    <\/div>\n  <\/div>\n<\/div>","protected":false},"excerpt":{"rendered":"<p>Impressum Sp.Vgg. Reuth e.V. Am Sportplatz 1 Gemeinschaftlich vertretungsberechtigter Vorstand der SpVgg Reuth e.V.: 91301 Forchheim Endres Veronika Felbinger Manuel Zirnsack Jan Leikam Michael (Anschrift wie oben) Registereintrag: Eingetragen im [&hellip;]<\/p>\n","protected":false},"author":1,"featured_media":0,"parent":0,"menu_order":0,"comment_status":"closed","ping_status":"closed","template":"page-templates\/full-width-page.php","meta":{"_monsterinsights_skip_tracking":false,"_monsterinsights_sitenote_active":false,"_monsterinsights_sitenote_note":"","_monsterinsights_sitenote_category":0,"footnotes":""},"class_list":["post-93","page","type-page","status-publish","hentry"],"aioseo_notices":[],"_links":{"self":[{"href":"https:\/\/spvgg-reuth.de\/index.php?rest_route=\/wp\/v2\/pages\/93","targetHints":{"allow":["GET"]}}],"collection":[{"href":"https:\/\/spvgg-reuth.de\/index.php?rest_route=\/wp\/v2\/pages"}],"about":[{"href":"https:\/\/spvgg-reuth.de\/index.php?rest_route=\/wp\/v2\/types\/page"}],"author":[{"embeddable":true,"href":"https:\/\/spvgg-reuth.de\/index.php?rest_route=\/wp\/v2\/users\/1"}],"replies":[{"embeddable":true,"href":"https:\/\/spvgg-reuth.de\/index.php?rest_route=%2Fwp%2Fv2%2Fcomments&post=93"}],"version-history":[{"count":5,"href":"https:\/\/spvgg-reuth.de\/index.php?rest_route=\/wp\/v2\/pages\/93\/revisions"}],"predecessor-version":[{"id":5758,"href":"https:\/\/spvgg-reuth.de\/index.php?rest_route=\/wp\/v2\/pages\/93\/revisions\/5758"}],"wp:attachment":[{"href":"https:\/\/spvgg-reuth.de\/index.php?rest_route=%2Fwp%2Fv2%2Fmedia&parent=93"}],"curies":[{"name":"wp","href":"https:\/\/api.w.org\/{rel}","templated":true}]}}